{"id":540,"date":"2025-06-02T10:17:31","date_gmt":"2025-06-02T07:17:31","guid":{"rendered":"https:\/\/www.juniorbridge.fi\/juniorbridge\/?page_id=540"},"modified":"2025-06-02T10:37:18","modified_gmt":"2025-06-02T07:37:18","slug":"juniorien-pm-kilpailut-tanskassa","status":"publish","type":"page","link":"https:\/\/www.juniorbridge.fi\/juniorbridge\/home\/juniorien-pm-kilpailut-tanskassa\/","title":{"rendered":"Juniorien PM-kilpailut Tanskassa"},"content":{"rendered":"<p>Junioreiden pohjoismaiden mestaruuskisat pelattiin t\u00e4n\u00e4 vuonna p\u00e4\u00e4si\u00e4isen\u00e4 Tanskassa Middelfartissa. Suomen junioreita edusti tuttu nelikko: Aapo &#8211; Arttu ja Noora &#8211; Lauri. Matka joukkueelle alkoi jo keskiviikkona, koska torstaiaamuksi oli varattu 6.35 l\u00e4htev\u00e4 lento K\u00f6\u00f6penhaminaan. Aikainen lento oli lentokentt\u00e4hotellista huolimatta brutaali ja v\u00e4symys alkoi n\u00e4ky\u00e4 nopeasti Tanskassa hotellille p\u00e4\u00e4sty\u00e4. Pikaisen lounaan j\u00e4lkeen joukkue ottikin parin tunnin p\u00e4iv\u00e4unet.<br \/>\nP\u00e4iv\u00e4unista huolimatta torstain kaksi ottelua meniv\u00e4t niin sanotusti penkin alle.<br \/>\nEnsimm\u00e4inen ottelu Tanskaa vastaan p\u00e4\u00e4ttyi VP:ein 17,08-2,92 ja toinen ottelu Norjaa vastaan karuin luvuin 20-0.<\/p>\n<p>Alle 26-vuotiaiden sarjassa oli vain nelj\u00e4 joukkuetta.<br \/>\nJokainen joukkue pelasi nelj\u00e4 12 jaon ottelua kutakin joukkuetta vastaan. Tunnelma kisoissa oli rento ja yst\u00e4v\u00e4llismielinen, kukaan ei pelannut hampaat irvess\u00e4. Perjantaiaamuna pelit alkoivat Ruotsia vastaan. Toisessa ottelussa Tanskaa vastaan Suomi onnistui ottamaan ensimm\u00e4isen voittonsa h\u00e4iri\u00f6tekij\u00f6ist\u00e4 huolimatta. Perjantaina otteluiden aikana kuvattiin jonkinlaista dokumenttia bridgest\u00e4. Noora saikin osakseen kameran huomiota koittaessaan valita l\u00e4ht\u00f6korttia vastustajan kahden ruudun sitoumukseen.<\/p>\n<p><img loading=\"lazy\" decoding=\"async\" class=\"alignnone size-full wp-image-541\" src=\"https:\/\/www.juniorbridge.fi\/juniorbridge\/wp-content\/uploads\/2025\/06\/Hiha.jpg\" alt=\"\" width=\"521\" height=\"294\" srcset=\"https:\/\/www.juniorbridge.fi\/juniorbridge\/wp-content\/uploads\/2025\/06\/Hiha.jpg 521w, https:\/\/www.juniorbridge.fi\/juniorbridge\/wp-content\/uploads\/2025\/06\/Hiha-300x169.jpg 300w\" sizes=\"auto, (max-width: 521px) 100vw, 521px\" \/><\/p>\n<p><a href=\"https:\/\/www.tv2fyn.dk\/middelfart\/juniorer-til-nordisk-mesterskab-i-bridge?fbclid=IwY2xjawJ8i0xleHRuA2FlbQIxMAABHjsmFv0u3c-BAgDshpMYp7iGbxDb345JDBOfWWJryvHlIvD_PD4kQMKsGsJS_aem_wxv8vxDLWjGmbKJxKt138Q\" target=\"_blank\" rel=\"noopener\">Linkki videoon<\/a><\/p>\n<p>Ja t\u00e4ss\u00e4 itse jako:<\/p>\n<p><img loading=\"lazy\" decoding=\"async\" class=\"alignnone size-full wp-image-542\" src=\"https:\/\/www.juniorbridge.fi\/juniorbridge\/wp-content\/uploads\/2025\/06\/jako3.png\" alt=\"\" width=\"201\" height=\"268\" \/><\/p>\n<p>Perjantai-illalla ohjelmassa oli transnational speedball. Parina pelaavien tuli siis olla eri maista. Kisa oli ideana oikein hauska, mutta kolmen minuutin aika jakoa kohti tuntui turhan paljolta. Aikaa ei my\u00f6sk\u00e4\u00e4n vahdittu mill\u00e4\u00e4n tavalla, joten samaan aikaan pelattiin parhaimmillaan kolmea eri kierrosta. Tulokset olivat mit\u00e4 erikoisempia, mutta Aapo, Arttu ja Lauri onnistuvat tanskalaisten pariensa kanssa p\u00e4\u00e4sem\u00e4\u00e4n palkintosijoille. Palkintoina oli lakritsia, josta Artulle kehkeytyi my\u00f6hemmin mafia-peliss\u00e4 lempinimi.<\/p>\n<p>Lauantaina joukkueen tunnelma oli hyv\u00e4, vaikka pelaamisen taso vaihtelikin. Mahdollisuudet pronssiin oli, mutta tupla tai kuitti -taktiikka viimeiseen matsiin Ruotsia vastaan ei tuottanut tulosta. Nelj\u00e4s sija j\u00e4i k\u00e4teen turnauksen ainoana joukkueena, joka ei saanut mitalia mukaansa. Turnauksen antina lis\u00e4\u00e4 kokemusta ja yst\u00e4vi\u00e4, eiv\u00e4t kuitenkaan ole ihan huonoja, vaikka mitali j\u00e4ikin t\u00e4ll\u00e4 kertaa puuttumaan.<\/p>\n<p>Jutun julkaisun viiv\u00e4styminen johtui laiskasta yll\u00e4pit\u00e4j\u00e4st\u00e4 (Olli).<\/p>\n","protected":false},"excerpt":{"rendered":"<p>Junioreiden pohjoismaiden mestaruuskisat pelattiin t\u00e4n\u00e4 vuonna p\u00e4\u00e4si\u00e4isen\u00e4 Tanskassa Middelfartissa. Suomen junioreita edusti tuttu nelikko: Aapo &#8211; Arttu ja Noora &#8211; Lauri. Matka joukkueelle alkoi jo keskiviikkona, koska torstaiaamuksi oli varattu 6.35 l\u00e4htev\u00e4 lento K\u00f6\u00f6penhaminaan. Aikainen lento oli lentokentt\u00e4hotellista huolimatta brutaali ja v\u00e4symys alkoi n\u00e4ky\u00e4 nopeasti Tanskassa hotellille p\u00e4\u00e4sty\u00e4. Pikaisen lounaan j\u00e4lkeen joukkue ottikin parin tunnin &hellip; <a href=\"https:\/\/www.juniorbridge.fi\/juniorbridge\/home\/juniorien-pm-kilpailut-tanskassa\/\" class=\"more-link\">Jatka artikkeliin <span class=\"screen-reader-text\">Juniorien PM-kilpailut Tanskassa<\/span><\/a><\/p>\n","protected":false},"author":1,"featured_media":0,"parent":9,"menu_order":0,"comment_status":"closed","ping_status":"closed","template":"","meta":{"footnotes":""},"class_list":["post-540","page","type-page","status-publish","hentry"],"_links":{"self":[{"href":"https:\/\/www.juniorbridge.fi\/juniorbridge\/wp-json\/wp\/v2\/pages\/540","targetHints":{"allow":["GET"]}}],"collection":[{"href":"https:\/\/www.juniorbridge.fi\/juniorbridge\/wp-json\/wp\/v2\/pages"}],"about":[{"href":"https:\/\/www.juniorbridge.fi\/juniorbridge\/wp-json\/wp\/v2\/types\/page"}],"author":[{"embeddable":true,"href":"https:\/\/www.juniorbridge.fi\/juniorbridge\/wp-json\/wp\/v2\/users\/1"}],"replies":[{"embeddable":true,"href":"https:\/\/www.juniorbridge.fi\/juniorbridge\/wp-json\/wp\/v2\/comments?post=540"}],"version-history":[{"count":5,"href":"https:\/\/www.juniorbridge.fi\/juniorbridge\/wp-json\/wp\/v2\/pages\/540\/revisions"}],"predecessor-version":[{"id":549,"href":"https:\/\/www.juniorbridge.fi\/juniorbridge\/wp-json\/wp\/v2\/pages\/540\/revisions\/549"}],"up":[{"embeddable":true,"href":"https:\/\/www.juniorbridge.fi\/juniorbridge\/wp-json\/wp\/v2\/pages\/9"}],"wp:attachment":[{"href":"https:\/\/www.juniorbridge.fi\/juniorbridge\/wp-json\/wp\/v2\/media?parent=540"}],"curies":[{"name":"wp","href":"https:\/\/api.w.org\/{rel}","templated":true}]}}