{"id":475,"date":"2022-09-08T20:52:27","date_gmt":"2022-09-08T17:52:27","guid":{"rendered":"https:\/\/www.juniorbridge.fi\/juniorbridge\/?page_id=475"},"modified":"2022-09-08T20:52:27","modified_gmt":"2022-09-08T17:52:27","slug":"orebro-osa-3-jokaiselle-jotakin","status":"publish","type":"page","link":"https:\/\/www.juniorbridge.fi\/juniorbridge\/orebro-osa-3-jokaiselle-jotakin\/","title":{"rendered":"\u00d6rebro, osa 3. jokaiselle jotakin"},"content":{"rendered":"<p>Ruotsin bridgefestivaalilla pelitarjontaa on runsaasti, ja p\u00e4ivitt\u00e4in on valittavana useita mielekk\u00e4it\u00e4 kisoja pelattavaksi. Suurimpia kilpailuita pelaajam\u00e4\u00e4r\u00e4lt\u00e4\u00e4n olivat joka-aamuiset 24 jaon mittaiset pronssikilpailut, joissa osallistuvia pareja saattoi olla jopa yli 300. Viikon aikana erityisesti Hermanni ja Oskari onnistuivat pelaamaan korttinsa hyvin, sill\u00e4 kotiin tuomisena oli pronssikilpailusarjan voitto.<\/p>\n<p><img loading=\"lazy\" decoding=\"async\" class=\"alignnone size-full wp-image-476\" src=\"https:\/\/www.juniorbridge.fi\/juniorbridge\/wp-content\/uploads\/2022\/09\/osku_hermanni.jpg\" alt=\"\" width=\"642\" height=\"856\" srcset=\"https:\/\/www.juniorbridge.fi\/juniorbridge\/wp-content\/uploads\/2022\/09\/osku_hermanni.jpg 642w, https:\/\/www.juniorbridge.fi\/juniorbridge\/wp-content\/uploads\/2022\/09\/osku_hermanni-225x300.jpg 225w\" sizes=\"auto, (max-width: 642px) 100vw, 642px\" \/><\/p>\n<p class=\"Kuvateksti\"><em>Viikkokisan voittajat Osku ja Hermanni hyvin palvelleen kioskin edustalla<\/em><\/p>\n<p><img loading=\"lazy\" decoding=\"async\" class=\"alignnone size-full wp-image-477\" src=\"https:\/\/www.juniorbridge.fi\/juniorbridge\/wp-content\/uploads\/2022\/09\/noppaa.jpg\" alt=\"\" width=\"643\" height=\"361\" srcset=\"https:\/\/www.juniorbridge.fi\/juniorbridge\/wp-content\/uploads\/2022\/09\/noppaa.jpg 643w, https:\/\/www.juniorbridge.fi\/juniorbridge\/wp-content\/uploads\/2022\/09\/noppaa-300x168.jpg 300w\" sizes=\"auto, (max-width: 643px) 100vw, 643px\" \/><\/p>\n<p class=\"Kuvateksti\"><em>Kortit ovat vaihtuneet noppiin, mutta kutosista ollaan edelleen innoissaan<\/em><\/p>\n<p>Viikon aikana ehdittiin keskitty\u00e4 my\u00f6s sivulajeihin, kuten p\u00f6yt\u00e4tennikseen ja nopanheittoon. Kaikki mukana olleet pitiv\u00e4t reissua onnistuneena kokonaisuutena. Motivaatio pelaamiseen ja harjoitteluun tuntui my\u00f6s pelireissun my\u00f6t\u00e4 kohonneen, kun hiljaisempien koronavuosien j\u00e4lkeen palasi mieleen, kuinka mukavaa kunnon livebridge onkaan.<\/p>\n","protected":false},"excerpt":{"rendered":"<p>Ruotsin bridgefestivaalilla pelitarjontaa on runsaasti, ja p\u00e4ivitt\u00e4in on valittavana useita mielekk\u00e4it\u00e4 kisoja pelattavaksi. Suurimpia kilpailuita pelaajam\u00e4\u00e4r\u00e4lt\u00e4\u00e4n olivat joka-aamuiset 24 jaon mittaiset pronssikilpailut, joissa osallistuvia pareja saattoi olla jopa yli 300. Viikon aikana erityisesti Hermanni ja Oskari onnistuivat pelaamaan korttinsa hyvin, sill\u00e4 kotiin tuomisena oli pronssikilpailusarjan voitto. Viikkokisan voittajat Osku ja Hermanni hyvin palvelleen kioskin edustalla &hellip; <a href=\"https:\/\/www.juniorbridge.fi\/juniorbridge\/orebro-osa-3-jokaiselle-jotakin\/\" class=\"more-link\">Jatka artikkeliin <span class=\"screen-reader-text\">\u00d6rebro, osa 3. jokaiselle jotakin<\/span><\/a><\/p>\n","protected":false},"author":1,"featured_media":0,"parent":0,"menu_order":0,"comment_status":"closed","ping_status":"closed","template":"","meta":{"footnotes":""},"class_list":["post-475","page","type-page","status-publish","hentry"],"_links":{"self":[{"href":"https:\/\/www.juniorbridge.fi\/juniorbridge\/wp-json\/wp\/v2\/pages\/475","targetHints":{"allow":["GET"]}}],"collection":[{"href":"https:\/\/www.juniorbridge.fi\/juniorbridge\/wp-json\/wp\/v2\/pages"}],"about":[{"href":"https:\/\/www.juniorbridge.fi\/juniorbridge\/wp-json\/wp\/v2\/types\/page"}],"author":[{"embeddable":true,"href":"https:\/\/www.juniorbridge.fi\/juniorbridge\/wp-json\/wp\/v2\/users\/1"}],"replies":[{"embeddable":true,"href":"https:\/\/www.juniorbridge.fi\/juniorbridge\/wp-json\/wp\/v2\/comments?post=475"}],"version-history":[{"count":1,"href":"https:\/\/www.juniorbridge.fi\/juniorbridge\/wp-json\/wp\/v2\/pages\/475\/revisions"}],"predecessor-version":[{"id":478,"href":"https:\/\/www.juniorbridge.fi\/juniorbridge\/wp-json\/wp\/v2\/pages\/475\/revisions\/478"}],"wp:attachment":[{"href":"https:\/\/www.juniorbridge.fi\/juniorbridge\/wp-json\/wp\/v2\/media?parent=475"}],"curies":[{"name":"wp","href":"https:\/\/api.w.org\/{rel}","templated":true}]}}