{"id":461,"date":"2022-09-08T20:45:50","date_gmt":"2022-09-08T17:45:50","guid":{"rendered":"https:\/\/www.juniorbridge.fi\/juniorbridge\/?page_id=461"},"modified":"2022-09-08T20:48:18","modified_gmt":"2022-09-08T17:48:18","slug":"orebro-chairmans-cup","status":"publish","type":"page","link":"https:\/\/www.juniorbridge.fi\/juniorbridge\/orebro-chairmans-cup\/","title":{"rendered":"\u00d6rebro, osa 2. Chairman&#8217;s Cup"},"content":{"rendered":"<p><img loading=\"lazy\" decoding=\"async\" class=\"alignnone size-full wp-image-462\" src=\"https:\/\/www.juniorbridge.fi\/juniorbridge\/wp-content\/uploads\/2022\/09\/yleiskuva1.jpg\" alt=\"\" width=\"1472\" height=\"1104\" srcset=\"https:\/\/www.juniorbridge.fi\/juniorbridge\/wp-content\/uploads\/2022\/09\/yleiskuva1.jpg 1472w, https:\/\/www.juniorbridge.fi\/juniorbridge\/wp-content\/uploads\/2022\/09\/yleiskuva1-300x225.jpg 300w, https:\/\/www.juniorbridge.fi\/juniorbridge\/wp-content\/uploads\/2022\/09\/yleiskuva1-1024x768.jpg 1024w, https:\/\/www.juniorbridge.fi\/juniorbridge\/wp-content\/uploads\/2022\/09\/yleiskuva1-768x576.jpg 768w\" sizes=\"auto, (max-width: 1472px) 100vw, 1472px\" \/><em>\u00d6rebrossa k\u00e4vi viikon aikana yli tuhat pelaajaa<\/em><\/p>\n<p>Seuraavana vuorossa oli koko viikon p\u00e4\u00e4tapahtuma, monip\u00e4iv\u00e4inen Chairman\u2019s Cup -joukkuekilpailu. Joukkueita oli t\u00e4n\u00e4 vuonna mukana poikkeuksellisen v\u00e4h\u00e4n, mutta silti kunnioitettavat 135 kappaletta. Kaksip\u00e4iv\u00e4isen karsintavaiheen aikana Suomen juniorit onnistuivat nappaamaan muutaman komean voiton, mik\u00e4 nostattikin hymyn pelaajien huulille.<\/p>\n<p><img loading=\"lazy\" decoding=\"async\" class=\"alignnone size-full wp-image-464\" src=\"https:\/\/www.juniorbridge.fi\/juniorbridge\/wp-content\/uploads\/2022\/09\/joukkue1.jpg\" alt=\"\" width=\"1470\" height=\"1102\" srcset=\"https:\/\/www.juniorbridge.fi\/juniorbridge\/wp-content\/uploads\/2022\/09\/joukkue1.jpg 1470w, https:\/\/www.juniorbridge.fi\/juniorbridge\/wp-content\/uploads\/2022\/09\/joukkue1-300x225.jpg 300w, https:\/\/www.juniorbridge.fi\/juniorbridge\/wp-content\/uploads\/2022\/09\/joukkue1-1024x768.jpg 1024w, https:\/\/www.juniorbridge.fi\/juniorbridge\/wp-content\/uploads\/2022\/09\/joukkue1-768x576.jpg 768w\" sizes=\"auto, (max-width: 1470px) 100vw, 1470px\" \/><\/p>\n<p class=\"Kuvateksti\"><em>Iloisia ilmeit\u00e4 voitetun ottelun j\u00e4lkeen. Vasemmalta: Aapo, Aarne, Leo, Hermanni ja Antti<\/em><\/p>\n<p>Chairman\u2019s Cupissa on mukana useita todellisia huippujoukkueita, ja my\u00f6s keskikerroksen p\u00f6ydiss\u00e4 pelin taso on varsin hyv\u00e4\u00e4. Suomen joukkueen otteet olivat ailahtelevia, mutta lopulta eiv\u00e4t aivan riitt\u00e4v\u00e4n hyvi\u00e4 pudotuspeleihin asti selviytymiseen. 32 joukkuetta p\u00e4\u00e4si jatkamaan varsinaista p\u00e4\u00e4kilpailua, kun sijoille 33-64 oli tarjolla Bonus Cup. Valitettavasti molemmat j\u00e4iv\u00e4t meilt\u00e4 haaveeksi sijoituksemme ollessa karsinnan j\u00e4lkeen 88\/135, joten loppuviikon ajan keskityimme sivukisojen pelaamiseen. Chairman\u2019s Cupin aikana Antille sattui viikon j\u00e4nnitt\u00e4vin pelinvienti seitsem\u00e4nnen kierroksen ottelussa:<img loading=\"lazy\" decoding=\"async\" class=\"alignnone size-full wp-image-465\" src=\"https:\/\/www.juniorbridge.fi\/juniorbridge\/wp-content\/uploads\/2022\/09\/jako1.png\" alt=\"\" width=\"311\" height=\"362\" srcset=\"https:\/\/www.juniorbridge.fi\/juniorbridge\/wp-content\/uploads\/2022\/09\/jako1.png 311w, https:\/\/www.juniorbridge.fi\/juniorbridge\/wp-content\/uploads\/2022\/09\/jako1-258x300.png 258w\" sizes=\"auto, (max-width: 311px) 100vw, 311px\" \/><\/p>\n<p>Antti oli id\u00e4n korteissa, ja kuutta sangia vastaan etel\u00e4 l\u00e4hti ruuturouvalla. Pelinviej\u00e4n mahdollisuudet n\u00e4ytt\u00e4v\u00e4t hyvilt\u00e4, sill\u00e4 uhkakortteja on kaikissa v\u00e4reiss\u00e4. Antti voitti tikin, tuli k\u00e4teens\u00e4 padalla, ja laittoi herttasotamiehen liikkeelle. T\u00e4m\u00e4 ei t\u00e4ll\u00e4 kertaa ole voittava linja, sill\u00e4 nyt puolustukselle avautuu aikanaan mahdollisuus hy\u00f6k\u00e4t\u00e4 p\u00f6yd\u00e4n yhteyskortin kimppuun jatkamalla herttaa. Etel\u00e4 peitti t\u00e4m\u00e4n tikin kuninkaalla, ja Antti voitti \u00e4ss\u00e4ll\u00e4. Seurasi risti\u00e4 k\u00e4teen, ja varsin v\u00e4ltt\u00e4m\u00e4t\u00f6n patatikin luovuttaminen vastustajalle. Nyt pohjoisella oli viimeinen mahdollisuus pietitt\u00e4\u00e4 sitoumus, mutta passiivisen ristik\u00e4\u00e4nn\u00f6n j\u00e4lkeen kiristys n\u00e4ytt\u00e4\u00e4 j\u00e4lleen toteutuvan. Ruututikin voittamisen j\u00e4lkeen pohjoisen on s\u00e4ilytett\u00e4v\u00e4 kaikki patansa, joten hertan vartiointi siirtyy t\u00e4ysin etel\u00e4n vastuulle. T\u00e4ll\u00e4 on kuitenkin my\u00f6s ruutu pidett\u00e4v\u00e4n\u00e4, joten viimeiselle mustalle kortille puolustus joutuu antamaan jostakin kahdennentoista tikin. Pelip\u00f6yd\u00e4ss\u00e4 toinen korkea ruutu unohtui cashata ennen mustien tikkien pelaamista, mutta tapahtumarikkaiden vaiheiden j\u00e4lkeen Antti sai kuin saikin pelins\u00e4 kotiin.<\/p>\n<p><img loading=\"lazy\" decoding=\"async\" class=\"alignnone size-full wp-image-466\" src=\"https:\/\/www.juniorbridge.fi\/juniorbridge\/wp-content\/uploads\/2022\/09\/hermanni1.jpg\" alt=\"\" width=\"1104\" height=\"1472\" srcset=\"https:\/\/www.juniorbridge.fi\/juniorbridge\/wp-content\/uploads\/2022\/09\/hermanni1.jpg 1104w, https:\/\/www.juniorbridge.fi\/juniorbridge\/wp-content\/uploads\/2022\/09\/hermanni1-225x300.jpg 225w, https:\/\/www.juniorbridge.fi\/juniorbridge\/wp-content\/uploads\/2022\/09\/hermanni1-768x1024.jpg 768w\" sizes=\"auto, (max-width: 1104px) 100vw, 1104px\" \/><\/p>\n<p class=\"Kuvateksti\"><em>Hermanni tutkimassa l\u00f6ytyyk\u00f6 Suomi sadan parhaan joukosta<\/em><\/p>\n","protected":false},"excerpt":{"rendered":"<p>\u00d6rebrossa k\u00e4vi viikon aikana yli tuhat pelaajaa Seuraavana vuorossa oli koko viikon p\u00e4\u00e4tapahtuma, monip\u00e4iv\u00e4inen Chairman\u2019s Cup -joukkuekilpailu. Joukkueita oli t\u00e4n\u00e4 vuonna mukana poikkeuksellisen v\u00e4h\u00e4n, mutta silti kunnioitettavat 135 kappaletta. Kaksip\u00e4iv\u00e4isen karsintavaiheen aikana Suomen juniorit onnistuivat nappaamaan muutaman komean voiton, mik\u00e4 nostattikin hymyn pelaajien huulille. Iloisia ilmeit\u00e4 voitetun ottelun j\u00e4lkeen. Vasemmalta: Aapo, Aarne, Leo, Hermanni ja &hellip; <a href=\"https:\/\/www.juniorbridge.fi\/juniorbridge\/orebro-chairmans-cup\/\" class=\"more-link\">Jatka artikkeliin <span class=\"screen-reader-text\">\u00d6rebro, osa 2. Chairman&#8217;s Cup<\/span><\/a><\/p>\n","protected":false},"author":1,"featured_media":0,"parent":0,"menu_order":0,"comment_status":"closed","ping_status":"closed","template":"","meta":{"footnotes":""},"class_list":["post-461","page","type-page","status-publish","hentry"],"_links":{"self":[{"href":"https:\/\/www.juniorbridge.fi\/juniorbridge\/wp-json\/wp\/v2\/pages\/461","targetHints":{"allow":["GET"]}}],"collection":[{"href":"https:\/\/www.juniorbridge.fi\/juniorbridge\/wp-json\/wp\/v2\/pages"}],"about":[{"href":"https:\/\/www.juniorbridge.fi\/juniorbridge\/wp-json\/wp\/v2\/types\/page"}],"author":[{"embeddable":true,"href":"https:\/\/www.juniorbridge.fi\/juniorbridge\/wp-json\/wp\/v2\/users\/1"}],"replies":[{"embeddable":true,"href":"https:\/\/www.juniorbridge.fi\/juniorbridge\/wp-json\/wp\/v2\/comments?post=461"}],"version-history":[{"count":3,"href":"https:\/\/www.juniorbridge.fi\/juniorbridge\/wp-json\/wp\/v2\/pages\/461\/revisions"}],"predecessor-version":[{"id":469,"href":"https:\/\/www.juniorbridge.fi\/juniorbridge\/wp-json\/wp\/v2\/pages\/461\/revisions\/469"}],"wp:attachment":[{"href":"https:\/\/www.juniorbridge.fi\/juniorbridge\/wp-json\/wp\/v2\/media?parent=461"}],"curies":[{"name":"wp","href":"https:\/\/api.w.org\/{rel}","templated":true}]}}