{"id":452,"date":"2022-09-08T20:26:52","date_gmt":"2022-09-08T17:26:52","guid":{"rendered":"https:\/\/www.juniorbridge.fi\/juniorbridge\/?page_id=452"},"modified":"2022-09-08T20:37:43","modified_gmt":"2022-09-08T17:37:43","slug":"orebro-osa-1","status":"publish","type":"page","link":"https:\/\/www.juniorbridge.fi\/juniorbridge\/orebro-osa-1\/","title":{"rendered":"\u00d6rebro, osa 1. avoin Ruotsin Juniorimestaruuskilpailu"},"content":{"rendered":"<p>Suomen nuoret \u00d6rebrossa bridgefestivaaleilla osa 1. avoin Ruotsin Juniorimestaruuskilpailu ; by Oskari Koivu<\/p>\n<p>Ruotsin bridgefestivaali j\u00e4rjestettiin j\u00e4lleen t\u00e4n\u00e4 kes\u00e4n\u00e4 \u00d6rebrossa 29.7.-7.8.2022. Ruotsin bridgeliitto on jo vuosia yst\u00e4v\u00e4llisesti kustantanut ulkomaisten juniorijoukkueiden osallistumista tapahtumaan, ja niinp\u00e4 t\u00e4n\u00e4kin vuonna my\u00f6s Suomesta oli mukana joukkueellinen nuoria pelaajia. Parit Aapo Nieminen \u2013 Aarne Koivu, ja Hermanni Huhtam\u00e4ki \u2013 Oskari Koivu olivat jo entuudestaan kokeneita \u00d6rebron k\u00e4vij\u00f6it\u00e4, kun taas parille Antti Oilinki \u2013 Leo Enwald kyseess\u00e4 oli ensimm\u00e4inen kilpailumatka ulkomaille.<\/p>\n<p>Saavuimme perille \u00d6rebrohon jo hyviss\u00e4 ajoin edellisen\u00e4 p\u00e4iv\u00e4n\u00e4, ja pelit alkoivat osaltamme avoimella Ruotsin junioriparimestaruuskilpailulla perjantaina 29.7. Seuraavassa muutama jako kyseisest\u00e4 kilpailusta, pahoitellen ruotsalaisten kauhistuttavaa tapaa merkit\u00e4 sotamies \u201dkn\u201d.<\/p>\n<p><img loading=\"lazy\" decoding=\"async\" class=\"alignnone size-full wp-image-446\" src=\"https:\/\/www.juniorbridge.fi\/juniorbridge\/wp-content\/uploads\/2022\/09\/jako-2.png\" alt=\"\" width=\"606\" height=\"409\" srcset=\"https:\/\/www.juniorbridge.fi\/juniorbridge\/wp-content\/uploads\/2022\/09\/jako-2.png 606w, https:\/\/www.juniorbridge.fi\/juniorbridge\/wp-content\/uploads\/2022\/09\/jako-2-300x202.png 300w\" sizes=\"auto, (max-width: 606px) 100vw, 606px\" \/><\/p>\n<p>Heti kilpailun toisessa jaossa oli haastava tarjousteht\u00e4v\u00e4, kun 24 arvokorttipisteell\u00e4 korteissa on kuusi alav\u00e4ri\u00e4 it\u00e4-l\u00e4nnen suuntaan. Hermanni avasi l\u00e4nnest\u00e4 1C, vastasin 1H, ja Hermanni tarjosi monimerkityksellisen 2D. 2S minulta oli rele, luvaten v\u00e4hint\u00e4\u00e4n 8 pistett\u00e4, ja Hermannin 3NT vastaus osoitti 6-5 jakautuman hyvin vahvalla k\u00e4dell\u00e4. Tarjosin 4C, Optional Minorwood, johon Hermannin 4D oli negatiivinen tarjous luvattuun voimaan n\u00e4hden. 4H vaati partneria n\u00e4ytt\u00e4m\u00e4\u00e4n avainkorttien lukum\u00e4\u00e4r\u00e4n, ja t\u00e4m\u00e4n tarjouksen etel\u00e4 yll\u00e4tt\u00e4en kahdensi. Heikolla herttav\u00e4rill\u00e4ni en tietenk\u00e4\u00e4n ilahtunut vastustajan kahdennuksesta, mutta partnerin luvattua extravoimaa ja 6-5 jakauman, pidin slammia yh\u00e4 todenn\u00e4k\u00f6isen\u00e4 kotipelin\u00e4. Ja jos olisin tiet\u00e4nyt kuinka huonoilla hertoilla vastustaja kahdentaa, en olisi joutunut murehtimaan sit\u00e4k\u00e4\u00e4n v\u00e4h\u00e4\u00e4! Hermannin vastaus n\u00e4ytti kaksi avainkorttia ja valttirouvan, johon 6C p\u00e4\u00e4tti sarjan.<\/p>\n<p>N\u00a0\u00a0\u00a0\u00a0\u00a0\u00a0\u00a0\u00a0\u00a0\u00a0\u00a0\u00a0\u00a0\u00a0\u00a0\u00a0\u00a0\u00a0 E\u00a0\u00a0\u00a0\u00a0\u00a0\u00a0\u00a0\u00a0\u00a0\u00a0\u00a0\u00a0\u00a0\u00a0\u00a0\u00a0\u00a0\u00a0\u00a0 S\u00a0\u00a0\u00a0\u00a0\u00a0\u00a0\u00a0\u00a0\u00a0\u00a0\u00a0\u00a0\u00a0\u00a0\u00a0\u00a0\u00a0\u00a0\u00a0 W<\/p>\n<p>Pass\u00a0\u00a0\u00a0\u00a0\u00a0\u00a0\u00a0\u00a0\u00a0\u00a0\u00a0\u00a0\u00a0 Pass\u00a0\u00a0\u00a0\u00a0\u00a0\u00a0\u00a0\u00a0\u00a0\u00a0\u00a0\u00a0\u00a0 1C\u00a0 \u00a0 \u00a0 \u00a0 \u00a0 \u00a0 \u00a0 \u00a0 Pass<br \/>\nPass\u00a0\u00a0\u00a0\u00a0\u00a0\u00a0\u00a0\u00a0\u00a0\u00a0\u00a0\u00a0\u00a0 1H\u00a0\u00a0\u00a0\u00a0\u00a0\u00a0\u00a0\u00a0\u00a0\u00a0\u00a0\u00a0\u00a0\u00a0\u00a0 Pass\u00a0\u00a0\u00a0\u00a0\u00a0\u00a0\u00a0\u00a0\u00a0\u00a0\u00a0\u00a0\u00a0 2D*<br \/>\nPass\u00a0\u00a0\u00a0\u00a0\u00a0\u00a0\u00a0\u00a0\u00a0\u00a0\u00a0\u00a0\u00a0 2S*\u00a0\u00a0\u00a0\u00a0\u00a0\u00a0\u00a0\u00a0\u00a0\u00a0\u00a0\u00a0\u00a0\u00a0 Pass\u00a0\u00a0\u00a0\u00a0\u00a0\u00a0\u00a0\u00a0\u00a0\u00a0\u00a0\u00a0\u00a0 3NT*<br \/>\nPass\u00a0\u00a0\u00a0\u00a0\u00a0\u00a0\u00a0\u00a0\u00a0\u00a0\u00a0\u00a0\u00a0 4C*\u00a0\u00a0\u00a0\u00a0\u00a0\u00a0\u00a0\u00a0\u00a0\u00a0\u00a0\u00a0\u00a0 Pass\u00a0\u00a0\u00a0\u00a0\u00a0\u00a0\u00a0\u00a0\u00a0\u00a0\u00a0\u00a0\u00a0 4D*<br \/>\nPass\u00a0\u00a0\u00a0\u00a0\u00a0\u00a0\u00a0\u00a0\u00a0\u00a0\u00a0\u00a0\u00a0 4H*\u00a0\u00a0\u00a0\u00a0\u00a0\u00a0\u00a0\u00a0\u00a0\u00a0\u00a0\u00a0\u00a0 DBL\u00a0\u00a0\u00a0\u00a0\u00a0\u00a0\u00a0\u00a0\u00a0\u00a0\u00a0\u00a0\u00a0 4NT*<br \/>\nPass\u00a0\u00a0\u00a0\u00a0\u00a0\u00a0\u00a0\u00a0\u00a0\u00a0\u00a0\u00a0\u00a0 6C\u00a0\u00a0\u00a0\u00a0\u00a0\u00a0\u00a0\u00a0\u00a0\u00a0\u00a0\u00a0\u00a0\u00a0\u00a0\u00a0 Pass\u00a0\u00a0\u00a0\u00a0\u00a0\u00a0\u00a0\u00a0\u00a0\u00a0\u00a0\u00a0\u00a0 Pass<br \/>\nPass<\/p>\n<p>Herttal\u00e4ht\u00f6 varastettiin k\u00e4teen, ja valtinpoiston j\u00e4lkeen edess\u00e4 oli ratkaiseva hetki. Ruutuv\u00e4rin ollessa 3-2 mit\u00e4\u00e4n ongelmaa ei ole, mutta 4-1 jakauma vaatii tarkkuutta. Hermanni sai kaksitoista tikki\u00e4 k\u00e4sittelem\u00e4ll\u00e4 v\u00e4rin huolellisesti; \u00e4ss\u00e4n j\u00e4lkeen ei voi napata en\u00e4\u00e4 kuningasta, vaan pelaamalla pieni kympille vinojakauma paljastui, ja padassa oli yhteys tulla p\u00f6yt\u00e4\u00e4n leikkaamaan puuttuva kuva pois. T\u00e4st\u00e4 suorituksesta palkittiin jakamattomalla topilla.<\/p>\n<p><img loading=\"lazy\" decoding=\"async\" class=\"alignnone size-full wp-image-447\" src=\"https:\/\/www.juniorbridge.fi\/juniorbridge\/wp-content\/uploads\/2022\/09\/jako-34.png\" alt=\"\" width=\"595\" height=\"410\" srcset=\"https:\/\/www.juniorbridge.fi\/juniorbridge\/wp-content\/uploads\/2022\/09\/jako-34.png 595w, https:\/\/www.juniorbridge.fi\/juniorbridge\/wp-content\/uploads\/2022\/09\/jako-34-300x207.png 300w\" sizes=\"auto, (max-width: 595px) 100vw, 595px\" \/><\/p>\n<p>Westin avattua 1D ja Hermannin balansoitua 1H tarjosin peliksi 3NT. Puolustus aloitti kahdella ristikierroksella, ja p\u00e4\u00e4sty\u00e4ni kiinni pelasin herttarouvan. L\u00e4nsi teki ratkaisevan virheen voittaessaan tikin \u00e4ss\u00e4ll\u00e4, sill\u00e4 nyt olin saanut tempon kohdalleen kiristyst\u00e4 varten. Puolustus palautti kolmannen kierroksen risti\u00e4, joten pelasin nelj\u00e4 kierrosta pataa leikaten matkalla l\u00e4nnen tarjoussarjassa ilmoittaman rouvan, ja n\u00e4in l\u00e4nsi joutui luopumaan tikist\u00e4 jommassakummassa punaisessa v\u00e4riss\u00e4. Parikilpailussa kymmenen ja yhdentoista tikin v\u00e4linen ero oli valtava, tyypillisen merkinn\u00e4n 4S+1 +650 asettuessa 630:n ja 660:n v\u00e4liin.<\/p>\n<p>Valtaosa pelaajista t\u00e4ss\u00e4 kyseisess\u00e4 kilpailussa oli meid\u00e4n tapaamme festivaaleille tulleita ulkomaalaisia nuoria, ja voiton nappasikin Hollantia edustava pari. Parhaana suomalaisena Hermanni ja Oskari ylsiv\u00e4t sijalle 8\/22 tuloksella 53,60%, muiden suomalaisparien j\u00e4\u00e4dess\u00e4 meedelin alapuolelle.<\/p>\n","protected":false},"excerpt":{"rendered":"<p>Suomen nuoret \u00d6rebrossa bridgefestivaaleilla osa 1. avoin Ruotsin Juniorimestaruuskilpailu ; by Oskari Koivu Ruotsin bridgefestivaali j\u00e4rjestettiin j\u00e4lleen t\u00e4n\u00e4 kes\u00e4n\u00e4 \u00d6rebrossa 29.7.-7.8.2022. Ruotsin bridgeliitto on jo vuosia yst\u00e4v\u00e4llisesti kustantanut ulkomaisten juniorijoukkueiden osallistumista tapahtumaan, ja niinp\u00e4 t\u00e4n\u00e4kin vuonna my\u00f6s Suomesta oli mukana joukkueellinen nuoria pelaajia. Parit Aapo Nieminen \u2013 Aarne Koivu, ja Hermanni Huhtam\u00e4ki \u2013 Oskari Koivu &hellip; <a href=\"https:\/\/www.juniorbridge.fi\/juniorbridge\/orebro-osa-1\/\" class=\"more-link\">Jatka artikkeliin <span class=\"screen-reader-text\">\u00d6rebro, osa 1. avoin Ruotsin Juniorimestaruuskilpailu<\/span><\/a><\/p>\n","protected":false},"author":1,"featured_media":0,"parent":0,"menu_order":0,"comment_status":"closed","ping_status":"closed","template":"","meta":{"footnotes":""},"class_list":["post-452","page","type-page","status-publish","hentry"],"_links":{"self":[{"href":"https:\/\/www.juniorbridge.fi\/juniorbridge\/wp-json\/wp\/v2\/pages\/452","targetHints":{"allow":["GET"]}}],"collection":[{"href":"https:\/\/www.juniorbridge.fi\/juniorbridge\/wp-json\/wp\/v2\/pages"}],"about":[{"href":"https:\/\/www.juniorbridge.fi\/juniorbridge\/wp-json\/wp\/v2\/types\/page"}],"author":[{"embeddable":true,"href":"https:\/\/www.juniorbridge.fi\/juniorbridge\/wp-json\/wp\/v2\/users\/1"}],"replies":[{"embeddable":true,"href":"https:\/\/www.juniorbridge.fi\/juniorbridge\/wp-json\/wp\/v2\/comments?post=452"}],"version-history":[{"count":3,"href":"https:\/\/www.juniorbridge.fi\/juniorbridge\/wp-json\/wp\/v2\/pages\/452\/revisions"}],"predecessor-version":[{"id":459,"href":"https:\/\/www.juniorbridge.fi\/juniorbridge\/wp-json\/wp\/v2\/pages\/452\/revisions\/459"}],"wp:attachment":[{"href":"https:\/\/www.juniorbridge.fi\/juniorbridge\/wp-json\/wp\/v2\/media?parent=452"}],"curies":[{"name":"wp","href":"https:\/\/api.w.org\/{rel}","templated":true}]}}