{"id":250,"date":"2019-01-31T20:26:57","date_gmt":"2019-01-31T18:26:57","guid":{"rendered":"https:\/\/www.juniorbridge.fi\/juniorbridge\/?page_id=250"},"modified":"2020-01-19T22:44:12","modified_gmt":"2020-01-19T20:44:12","slug":"kuvia","status":"publish","type":"page","link":"https:\/\/www.juniorbridge.fi\/juniorbridge\/kuvia\/","title":{"rendered":"Junnukuvia"},"content":{"rendered":"<p>&nbsp;<\/p>\n<p><img loading=\"lazy\" decoding=\"async\" class=\"alignnone size-medium wp-image-364\" src=\"https:\/\/www.juniorbridge.fi\/juniorbridge\/wp-content\/uploads\/2020\/01\/Funtsia-pelip\u00f6yd\u00e4ss\u00e4-junnu-SM-2020-300x225.jpg\" alt=\"\" width=\"300\" height=\"225\" srcset=\"https:\/\/www.juniorbridge.fi\/juniorbridge\/wp-content\/uploads\/2020\/01\/Funtsia-pelip\u00f6yd\u00e4ss\u00e4-junnu-SM-2020-300x225.jpg 300w, https:\/\/www.juniorbridge.fi\/juniorbridge\/wp-content\/uploads\/2020\/01\/Funtsia-pelip\u00f6yd\u00e4ss\u00e4-junnu-SM-2020-1024x768.jpg 1024w, https:\/\/www.juniorbridge.fi\/juniorbridge\/wp-content\/uploads\/2020\/01\/Funtsia-pelip\u00f6yd\u00e4ss\u00e4-junnu-SM-2020-768x576.jpg 768w, https:\/\/www.juniorbridge.fi\/juniorbridge\/wp-content\/uploads\/2020\/01\/Funtsia-pelip\u00f6yd\u00e4ss\u00e4-junnu-SM-2020-1536x1153.jpg 1536w, https:\/\/www.juniorbridge.fi\/juniorbridge\/wp-content\/uploads\/2020\/01\/Funtsia-pelip\u00f6yd\u00e4ss\u00e4-junnu-SM-2020.jpg 1599w\" sizes=\"auto, (max-width: 300px) 100vw, 300px\" \/> \u00a0\u00a0\u00a0\u00a0\u00a0 <img loading=\"lazy\" decoding=\"async\" class=\"alignnone size-medium wp-image-363\" src=\"https:\/\/www.juniorbridge.fi\/juniorbridge\/wp-content\/uploads\/2020\/01\/Junnu-SM-tunnelmia-2020-2-300x225.jpg\" alt=\"\" width=\"300\" height=\"225\" srcset=\"https:\/\/www.juniorbridge.fi\/juniorbridge\/wp-content\/uploads\/2020\/01\/Junnu-SM-tunnelmia-2020-2-300x225.jpg 300w, https:\/\/www.juniorbridge.fi\/juniorbridge\/wp-content\/uploads\/2020\/01\/Junnu-SM-tunnelmia-2020-2-1024x768.jpg 1024w, https:\/\/www.juniorbridge.fi\/juniorbridge\/wp-content\/uploads\/2020\/01\/Junnu-SM-tunnelmia-2020-2-768x576.jpg 768w, https:\/\/www.juniorbridge.fi\/juniorbridge\/wp-content\/uploads\/2020\/01\/Junnu-SM-tunnelmia-2020-2-1536x1153.jpg 1536w, https:\/\/www.juniorbridge.fi\/juniorbridge\/wp-content\/uploads\/2020\/01\/Junnu-SM-tunnelmia-2020-2.jpg 1599w\" sizes=\"auto, (max-width: 300px) 100vw, 300px\" \/><\/p>\n<p><img loading=\"lazy\" decoding=\"async\" class=\"alignnone size-medium wp-image-362\" src=\"https:\/\/www.juniorbridge.fi\/juniorbridge\/wp-content\/uploads\/2020\/01\/Junnu-SM-2020-tunnelmia-300x225.jpg\" alt=\"\" width=\"300\" height=\"225\" srcset=\"https:\/\/www.juniorbridge.fi\/juniorbridge\/wp-content\/uploads\/2020\/01\/Junnu-SM-2020-tunnelmia-300x225.jpg 300w, https:\/\/www.juniorbridge.fi\/juniorbridge\/wp-content\/uploads\/2020\/01\/Junnu-SM-2020-tunnelmia-1024x768.jpg 1024w, https:\/\/www.juniorbridge.fi\/juniorbridge\/wp-content\/uploads\/2020\/01\/Junnu-SM-2020-tunnelmia-768x576.jpg 768w, https:\/\/www.juniorbridge.fi\/juniorbridge\/wp-content\/uploads\/2020\/01\/Junnu-SM-2020-tunnelmia-1536x1153.jpg 1536w, https:\/\/www.juniorbridge.fi\/juniorbridge\/wp-content\/uploads\/2020\/01\/Junnu-SM-2020-tunnelmia.jpg 1599w\" sizes=\"auto, (max-width: 300px) 100vw, 300px\" \/> \u00a0\u00a0\u00a0\u00a0 <img loading=\"lazy\" decoding=\"async\" class=\"alignnone size-medium wp-image-361\" src=\"https:\/\/www.juniorbridge.fi\/juniorbridge\/wp-content\/uploads\/2020\/01\/Junnu-SM-mitalistit-2020-300x225.jpg\" alt=\"\" width=\"300\" height=\"225\" srcset=\"https:\/\/www.juniorbridge.fi\/juniorbridge\/wp-content\/uploads\/2020\/01\/Junnu-SM-mitalistit-2020-300x225.jpg 300w, https:\/\/www.juniorbridge.fi\/juniorbridge\/wp-content\/uploads\/2020\/01\/Junnu-SM-mitalistit-2020-1024x768.jpg 1024w, https:\/\/www.juniorbridge.fi\/juniorbridge\/wp-content\/uploads\/2020\/01\/Junnu-SM-mitalistit-2020-768x576.jpg 768w, https:\/\/www.juniorbridge.fi\/juniorbridge\/wp-content\/uploads\/2020\/01\/Junnu-SM-mitalistit-2020-1536x1153.jpg 1536w, https:\/\/www.juniorbridge.fi\/juniorbridge\/wp-content\/uploads\/2020\/01\/Junnu-SM-mitalistit-2020.jpg 1599w\" sizes=\"auto, (max-width: 300px) 100vw, 300px\" \/><\/p>\n<p><img loading=\"lazy\" decoding=\"async\" class=\"wp-image-343 alignright\" src=\"https:\/\/www.juniorbridge.fi\/juniorbridge\/wp-content\/uploads\/2019\/07\/Tallinna-7_2019-257x300.jpg\" alt=\"\" width=\"296\" height=\"346\" srcset=\"https:\/\/www.juniorbridge.fi\/juniorbridge\/wp-content\/uploads\/2019\/07\/Tallinna-7_2019-257x300.jpg 257w, https:\/\/www.juniorbridge.fi\/juniorbridge\/wp-content\/uploads\/2019\/07\/Tallinna-7_2019.jpg 633w\" sizes=\"auto, (max-width: 296px) 100vw, 296px\" \/><img loading=\"lazy\" decoding=\"async\" class=\"size-medium wp-image-349 alignleft\" src=\"https:\/\/www.juniorbridge.fi\/juniorbridge\/wp-content\/uploads\/2019\/07\/Junnutyt\u00f6t_2019-300x200.jpg\" alt=\"\" width=\"300\" height=\"200\" srcset=\"https:\/\/www.juniorbridge.fi\/juniorbridge\/wp-content\/uploads\/2019\/07\/Junnutyt\u00f6t_2019-300x200.jpg 300w, https:\/\/www.juniorbridge.fi\/juniorbridge\/wp-content\/uploads\/2019\/07\/Junnutyt\u00f6t_2019-768x512.jpg 768w, https:\/\/www.juniorbridge.fi\/juniorbridge\/wp-content\/uploads\/2019\/07\/Junnutyt\u00f6t_2019-1024x683.jpg 1024w, https:\/\/www.juniorbridge.fi\/juniorbridge\/wp-content\/uploads\/2019\/07\/Junnutyt\u00f6t_2019.jpg 2048w\" sizes=\"auto, (max-width: 300px) 100vw, 300px\" \/><img loading=\"lazy\" decoding=\"async\" class=\"alignnone size-medium wp-image-348\" src=\"https:\/\/www.juniorbridge.fi\/juniorbridge\/wp-content\/uploads\/2019\/07\/Team-Suomi-2019-300x218.jpg\" alt=\"\" width=\"300\" height=\"218\" srcset=\"https:\/\/www.juniorbridge.fi\/juniorbridge\/wp-content\/uploads\/2019\/07\/Team-Suomi-2019-300x218.jpg 300w, https:\/\/www.juniorbridge.fi\/juniorbridge\/wp-content\/uploads\/2019\/07\/Team-Suomi-2019-768x557.jpg 768w, https:\/\/www.juniorbridge.fi\/juniorbridge\/wp-content\/uploads\/2019\/07\/Team-Suomi-2019-1024x743.jpg 1024w, https:\/\/www.juniorbridge.fi\/juniorbridge\/wp-content\/uploads\/2019\/07\/Team-Suomi-2019.jpg 2048w\" sizes=\"auto, (max-width: 300px) 100vw, 300px\" \/><img loading=\"lazy\" decoding=\"async\" class=\"wp-image-350 alignright\" src=\"https:\/\/www.juniorbridge.fi\/juniorbridge\/wp-content\/uploads\/2019\/07\/Gabriella_7_2019-300x284.jpg\" alt=\"\" width=\"289\" height=\"274\" srcset=\"https:\/\/www.juniorbridge.fi\/juniorbridge\/wp-content\/uploads\/2019\/07\/Gabriella_7_2019-300x284.jpg 300w, https:\/\/www.juniorbridge.fi\/juniorbridge\/wp-content\/uploads\/2019\/07\/Gabriella_7_2019-768x727.jpg 768w, https:\/\/www.juniorbridge.fi\/juniorbridge\/wp-content\/uploads\/2019\/07\/Gabriella_7_2019-1024x969.jpg 1024w, https:\/\/www.juniorbridge.fi\/juniorbridge\/wp-content\/uploads\/2019\/07\/Gabriella_7_2019.jpg 1746w\" sizes=\"auto, (max-width: 289px) 100vw, 289px\" \/>\u00a0\u00a0 <img loading=\"lazy\" decoding=\"async\" class=\"size-medium wp-image-189 alignleft\" src=\"https:\/\/www.juniorbridge.fi\/juniorbridge\/wp-content\/uploads\/2018\/09\/40684327_428989087625031_321909400858001408_n-300x225.jpg\" alt=\"\" width=\"300\" height=\"225\" srcset=\"https:\/\/www.juniorbridge.fi\/juniorbridge\/wp-content\/uploads\/2018\/09\/40684327_428989087625031_321909400858001408_n-300x225.jpg 300w, https:\/\/www.juniorbridge.fi\/juniorbridge\/wp-content\/uploads\/2018\/09\/40684327_428989087625031_321909400858001408_n-768x576.jpg 768w, https:\/\/www.juniorbridge.fi\/juniorbridge\/wp-content\/uploads\/2018\/09\/40684327_428989087625031_321909400858001408_n-1024x768.jpg 1024w, https:\/\/www.juniorbridge.fi\/juniorbridge\/wp-content\/uploads\/2018\/09\/40684327_428989087625031_321909400858001408_n.jpg 1600w\" sizes=\"auto, (max-width: 300px) 100vw, 300px\" \/><img loading=\"lazy\" decoding=\"async\" class=\"size-medium wp-image-120 alignleft\" src=\"https:\/\/www.juniorbridge.fi\/juniorbridge\/wp-content\/uploads\/2018\/07\/Junnut_pariisissa-1-300x199.jpg\" alt=\"\" width=\"300\" height=\"199\" srcset=\"https:\/\/www.juniorbridge.fi\/juniorbridge\/wp-content\/uploads\/2018\/07\/Junnut_pariisissa-1-300x199.jpg 300w, https:\/\/www.juniorbridge.fi\/juniorbridge\/wp-content\/uploads\/2018\/07\/Junnut_pariisissa-1-768x510.jpg 768w, https:\/\/www.juniorbridge.fi\/juniorbridge\/wp-content\/uploads\/2018\/07\/Junnut_pariisissa-1-1024x680.jpg 1024w, https:\/\/www.juniorbridge.fi\/juniorbridge\/wp-content\/uploads\/2018\/07\/Junnut_pariisissa-1.jpg 2048w\" sizes=\"auto, (max-width: 300px) 100vw, 300px\" \/><\/p>\n<p><img loading=\"lazy\" decoding=\"async\" class=\"alignnone size-medium wp-image-223\" src=\"https:\/\/www.juniorbridge.fi\/juniorbridge\/wp-content\/uploads\/2019\/01\/Junnu2-300x225.jpg\" alt=\"\" width=\"300\" height=\"225\" srcset=\"https:\/\/www.juniorbridge.fi\/juniorbridge\/wp-content\/uploads\/2019\/01\/Junnu2-300x225.jpg 300w, https:\/\/www.juniorbridge.fi\/juniorbridge\/wp-content\/uploads\/2019\/01\/Junnu2-768x576.jpg 768w, https:\/\/www.juniorbridge.fi\/juniorbridge\/wp-content\/uploads\/2019\/01\/Junnu2-1024x768.jpg 1024w\" sizes=\"auto, (max-width: 300px) 100vw, 300px\" \/>\u00a0\u00a0 <img loading=\"lazy\" decoding=\"async\" class=\"alignnone size-medium wp-image-222\" src=\"https:\/\/www.juniorbridge.fi\/juniorbridge\/wp-content\/uploads\/2019\/01\/Junnu1-300x225.jpg\" alt=\"\" width=\"300\" height=\"225\" srcset=\"https:\/\/www.juniorbridge.fi\/juniorbridge\/wp-content\/uploads\/2019\/01\/Junnu1-300x225.jpg 300w, https:\/\/www.juniorbridge.fi\/juniorbridge\/wp-content\/uploads\/2019\/01\/Junnu1-768x576.jpg 768w, https:\/\/www.juniorbridge.fi\/juniorbridge\/wp-content\/uploads\/2019\/01\/Junnu1-1024x768.jpg 1024w\" sizes=\"auto, (max-width: 300px) 100vw, 300px\" \/><img loading=\"lazy\" decoding=\"async\" class=\"size-medium wp-image-306 alignright\" src=\"https:\/\/www.juniorbridge.fi\/juniorbridge\/wp-content\/uploads\/2019\/05\/Tallinna3-300x225.jpg\" alt=\"\" width=\"300\" height=\"225\" srcset=\"https:\/\/www.juniorbridge.fi\/juniorbridge\/wp-content\/uploads\/2019\/05\/Tallinna3-300x225.jpg 300w, https:\/\/www.juniorbridge.fi\/juniorbridge\/wp-content\/uploads\/2019\/05\/Tallinna3-768x576.jpg 768w, https:\/\/www.juniorbridge.fi\/juniorbridge\/wp-content\/uploads\/2019\/05\/Tallinna3-1024x768.jpg 1024w, https:\/\/www.juniorbridge.fi\/juniorbridge\/wp-content\/uploads\/2019\/05\/Tallinna3.jpg 1385w\" sizes=\"auto, (max-width: 300px) 100vw, 300px\" \/><\/p>\n<p><img loading=\"lazy\" decoding=\"async\" class=\"alignnone size-medium wp-image-304\" src=\"https:\/\/www.juniorbridge.fi\/juniorbridge\/wp-content\/uploads\/2019\/05\/Tallinna2-300x211.jpg\" alt=\"\" width=\"300\" height=\"211\" srcset=\"https:\/\/www.juniorbridge.fi\/juniorbridge\/wp-content\/uploads\/2019\/05\/Tallinna2-300x211.jpg 300w, https:\/\/www.juniorbridge.fi\/juniorbridge\/wp-content\/uploads\/2019\/05\/Tallinna2-768x540.jpg 768w, https:\/\/www.juniorbridge.fi\/juniorbridge\/wp-content\/uploads\/2019\/05\/Tallinna2-1024x720.jpg 1024w, https:\/\/www.juniorbridge.fi\/juniorbridge\/wp-content\/uploads\/2019\/05\/Tallinna2.jpg 1387w\" sizes=\"auto, (max-width: 300px) 100vw, 300px\" \/><\/p>\n<p><img loading=\"lazy\" decoding=\"async\" class=\"size-medium wp-image-305 aligncenter\" src=\"https:\/\/www.juniorbridge.fi\/juniorbridge\/wp-content\/uploads\/2019\/05\/Tallinna1-300x174.jpg\" alt=\"\" width=\"300\" height=\"174\" srcset=\"https:\/\/www.juniorbridge.fi\/juniorbridge\/wp-content\/uploads\/2019\/05\/Tallinna1-300x174.jpg 300w, https:\/\/www.juniorbridge.fi\/juniorbridge\/wp-content\/uploads\/2019\/05\/Tallinna1-768x444.jpg 768w, https:\/\/www.juniorbridge.fi\/juniorbridge\/wp-content\/uploads\/2019\/05\/Tallinna1-1024x592.jpg 1024w, https:\/\/www.juniorbridge.fi\/juniorbridge\/wp-content\/uploads\/2019\/05\/Tallinna1.jpg 1385w\" sizes=\"auto, (max-width: 300px) 100vw, 300px\" \/><\/p>\n<p>&nbsp;<\/p>\n<p>&nbsp;<\/p>\n","protected":false},"excerpt":{"rendered":"<p>&nbsp; \u00a0\u00a0\u00a0\u00a0\u00a0 \u00a0\u00a0\u00a0\u00a0 \u00a0\u00a0 \u00a0\u00a0 &nbsp; &nbsp;<\/p>\n","protected":false},"author":6,"featured_media":121,"parent":0,"menu_order":0,"comment_status":"closed","ping_status":"closed","template":"","meta":{"footnotes":""},"class_list":["post-250","page","type-page","status-publish","has-post-thumbnail","hentry"],"_links":{"self":[{"href":"https:\/\/www.juniorbridge.fi\/juniorbridge\/wp-json\/wp\/v2\/pages\/250","targetHints":{"allow":["GET"]}}],"collection":[{"href":"https:\/\/www.juniorbridge.fi\/juniorbridge\/wp-json\/wp\/v2\/pages"}],"about":[{"href":"https:\/\/www.juniorbridge.fi\/juniorbridge\/wp-json\/wp\/v2\/types\/page"}],"author":[{"embeddable":true,"href":"https:\/\/www.juniorbridge.fi\/juniorbridge\/wp-json\/wp\/v2\/users\/6"}],"replies":[{"embeddable":true,"href":"https:\/\/www.juniorbridge.fi\/juniorbridge\/wp-json\/wp\/v2\/comments?post=250"}],"version-history":[{"count":8,"href":"https:\/\/www.juniorbridge.fi\/juniorbridge\/wp-json\/wp\/v2\/pages\/250\/revisions"}],"predecessor-version":[{"id":366,"href":"https:\/\/www.juniorbridge.fi\/juniorbridge\/wp-json\/wp\/v2\/pages\/250\/revisions\/366"}],"wp:featuredmedia":[{"embeddable":true,"href":"https:\/\/www.juniorbridge.fi\/juniorbridge\/wp-json\/wp\/v2\/media\/121"}],"wp:attachment":[{"href":"https:\/\/www.juniorbridge.fi\/juniorbridge\/wp-json\/wp\/v2\/media?parent=250"}],"curies":[{"name":"wp","href":"https:\/\/api.w.org\/{rel}","templated":true}]}}