{"id":13,"date":"2018-07-29T14:34:37","date_gmt":"2018-07-29T11:34:37","guid":{"rendered":"https:\/\/www.juniorbridge.fi\/juniorbridge\/?page_id=13"},"modified":"2025-06-02T10:18:34","modified_gmt":"2025-06-02T07:18:34","slug":"a-homepage-section","status":"publish","type":"page","link":"https:\/\/www.juniorbridge.fi\/juniorbridge\/","title":{"rendered":"Suomen Bridgeliiton junnu- sivusto"},"content":{"rendered":"<p><em>Kuvassa junnujen SM-parikilpailun mitalistit 2020: hopeaa Aleksi ja Ville, kultaa Aapo ja Aarne ja pronssia Karoliina ja Oskari.<br \/>\n<\/em><\/p>\n<p>Kiva kun tulit k\u00e4ym\u00e4\u00e4n Suomen Bridgeliiton junnusivuille. P\u00e4ivittelemme t\u00e4nne ajankohtaisia asioita junnujen tapahtumista ja kuulumisista. Valikosta tapahtumien alta l\u00f6ytyv\u00e4t tulevat junnujen tapahtumat ja uusimmat kuulumiset.<\/p>\n<p><a href=\"https:\/\/www.juniorbridge.fi\/juniorbridge\/2025\/04\/27\/tartu-artu-2025\/\">Tartu \u00c4rtu 2025 kuulumiset<\/a><\/p>\n<p><a href=\"https:\/\/www.juniorbridge.fi\/juniorbridge\/home\/juniorien-pm-kilpailut-tanskassa\/\">Juniorien PM-kilpailut Tanskassa 2025<\/a><\/p>\n","protected":false},"excerpt":{"rendered":"<p>Kuvassa junnujen SM-parikilpailun mitalistit 2020: hopeaa Aleksi ja Ville, kultaa Aapo ja Aarne ja pronssia Karoliina ja Oskari. Kiva kun tulit k\u00e4ym\u00e4\u00e4n Suomen Bridgeliiton junnusivuille. P\u00e4ivittelemme t\u00e4nne ajankohtaisia asioita junnujen tapahtumista ja kuulumisista. Valikosta tapahtumien alta l\u00f6ytyv\u00e4t tulevat junnujen tapahtumat ja uusimmat kuulumiset. Tartu \u00c4rtu 2025 kuulumiset Juniorien PM-kilpailut Tanskassa 2025<\/p>\n","protected":false},"author":1,"featured_media":361,"parent":0,"menu_order":0,"comment_status":"closed","ping_status":"closed","template":"","meta":{"footnotes":""},"class_list":["post-13","page","type-page","status-publish","has-post-thumbnail","hentry"],"_links":{"self":[{"href":"https:\/\/www.juniorbridge.fi\/juniorbridge\/wp-json\/wp\/v2\/pages\/13","targetHints":{"allow":["GET"]}}],"collection":[{"href":"https:\/\/www.juniorbridge.fi\/juniorbridge\/wp-json\/wp\/v2\/pages"}],"about":[{"href":"https:\/\/www.juniorbridge.fi\/juniorbridge\/wp-json\/wp\/v2\/types\/page"}],"author":[{"embeddable":true,"href":"https:\/\/www.juniorbridge.fi\/juniorbridge\/wp-json\/wp\/v2\/users\/1"}],"replies":[{"embeddable":true,"href":"https:\/\/www.juniorbridge.fi\/juniorbridge\/wp-json\/wp\/v2\/comments?post=13"}],"version-history":[{"count":28,"href":"https:\/\/www.juniorbridge.fi\/juniorbridge\/wp-json\/wp\/v2\/pages\/13\/revisions"}],"predecessor-version":[{"id":547,"href":"https:\/\/www.juniorbridge.fi\/juniorbridge\/wp-json\/wp\/v2\/pages\/13\/revisions\/547"}],"wp:featuredmedia":[{"embeddable":true,"href":"https:\/\/www.juniorbridge.fi\/juniorbridge\/wp-json\/wp\/v2\/media\/361"}],"wp:attachment":[{"href":"https:\/\/www.juniorbridge.fi\/juniorbridge\/wp-json\/wp\/v2\/media?parent=13"}],"curies":[{"name":"wp","href":"https:\/\/api.w.org\/{rel}","templated":true}]}}